{"id":8,"date":"2021-05-28T21:20:25","date_gmt":"2021-05-28T21:20:25","guid":{"rendered":"https:\/\/olsmiami.org\/homepage\/"},"modified":"2024-08-20T17:13:45","modified_gmt":"2024-08-20T21:13:45","slug":"homepage","status":"publish","type":"page","link":"https:\/\/olsmiami.org\/es\/","title":{"rendered":"The Latin Mass in Miami and the Authentic Catholic Faith"},"content":{"rendered":"<div class=\"wp-block-genesis-blocks-gb-columns gb-layout-columns-1 one-column gb-has-background-dim gb-has-background-dim-80 gb-background-cover gb-background-no-repeat has-theme-secondary-background-color gb-columns-center alignfull\" style=\"padding-top:7%;padding-right:8%;padding-bottom:20%;padding-left:8%;background-image:url(https:\/\/olsmiami.org\/wp-content\/uploads\/ols3-0-vignetteblu.jpg);background-position:46% 81%\"><div class=\"gb-layout-column-wrap gb-block-layout-column-gap-0 gb-is-responsive-column\" style=\"max-width:1200px\">\n<div class=\"wp-block-genesis-blocks-gb-column gb-block-layout-column\"><div class=\"gb-block-layout-column-inner\">\n<div style=\"color:#ddd\" class=\"wp-block-genesis-blocks-gb-spacer gb-block-spacer gb-divider-solid gb-divider-size-1\"><hr style=\"height:327px\"\/><\/div>\n\n\n\n<p class=\"has-text-align-left is-style-default tag-line\" style=\"font-size:48px\"><strong>An Oasis of Peace: The Latin Mass in Miami<\/strong><\/p>\n<\/div><\/div>\n<\/div><\/div>\n\n\n\n<div class=\"wp-block-genesis-blocks-gb-columns gb-layout-columns-2 gb-2-col-wideleft gb-columns-center alignfull\" style=\"padding-right:4%;padding-left:4%\"><div class=\"gb-layout-column-wrap gb-block-layout-column-gap-1 gb-is-responsive-column\" style=\"max-width:1240px\">\n<div class=\"wp-block-genesis-blocks-gb-column is-style-offset-up gb-block-layout-column\"><div class=\"gb-block-layout-column-inner gb-has-custom-background-color\" style=\"padding:20px;background-color:#faf7f4\">\n<div class=\"wp-block-genesis-blocks-gb-columns gb-layout-columns-1 one-column gb-has-background-dim gb-has-background-dim-20 gb-background-cover gb-background-no-repeat has-theme-primary-background-color gb-has-custom-text-color\" style=\"padding-top:4%;padding-right:4%;padding-bottom:5%;padding-left:4%;color:#ffffff;background-image:url(https:\/\/olsmiami.org\/wp-content\/uploads\/background.jpg);background-position:48% 84%\"><div class=\"gb-layout-column-wrap gb-block-layout-column-gap-2 gb-is-responsive-column\">\n<div class=\"wp-block-genesis-blocks-gb-column gb-block-layout-column\"><div class=\"gb-block-layout-column-inner\">\n<h3 class=\"wp-block-heading has-normal-font-size\">Aqu\u00ed est\u00e1s en su hogar.<\/h3>\n\n\n\n<hr class=\"wp-block-separator has-css-opacity is-style-theme-separator\"\/>\n\n\n\n<p class=\"has-normal-font-size\">En la Iglesia Cat\u00f3lica Tradicional Nuestra Se\u00f1ora de los Dolores encontrar\u00e1 la fe cat\u00f3lica aut\u00e9ntica, integral y viva. Participe o simplemente venga y adore a Dios; aqu\u00ed podr\u00e1 estar en paz.<\/p>\n\n\n\n<div class=\"wp-block-columns is-layout-flex wp-container-core-columns-is-layout-9d6595d7 wp-block-columns-is-layout-flex\">\n<div class=\"wp-block-column is-layout-flow wp-block-column-is-layout-flow\" style=\"flex-basis:33.34%\">\n<div class=\"wp-block-buttons is-horizontal is-content-justification-center is-nowrap is-layout-flex wp-container-core-buttons-is-layout-fc65f29c wp-block-buttons-is-layout-flex\">\n<div class=\"wp-block-button has-custom-width wp-block-button__width-100 is-style-outline is-style-outline--1\"><a class=\"wp-block-button__link has-theme-primary-background-color has-text-color has-background wp-element-button\" href=\"https:\/\/olsmiami.org\/es\/bulletin\/\" style=\"color:#ffffff\">Bulletin<\/a><\/div>\n<\/div>\n<\/div>\n\n\n\n<div class=\"wp-block-column is-layout-flow wp-block-column-is-layout-flow\" style=\"flex-basis:33.34%\">\n<div class=\"wp-block-buttons is-horizontal is-content-justification-center is-layout-flex wp-container-core-buttons-is-layout-499968f5 wp-block-buttons-is-layout-flex\">\n<div class=\"wp-block-button has-custom-width wp-block-button__width-100 is-style-outline is-style-outline--2\"><a class=\"wp-block-button__link has-text-color wp-element-button\" href=\"https:\/\/olsmiami.org\/es\/livestream\/\" style=\"color:#ffffff\">Transmisi\u00f3n en vivo<\/a><\/div>\n<\/div>\n<\/div>\n\n\n\n<div class=\"wp-block-column is-layout-flow wp-block-column-is-layout-flow\" style=\"flex-basis:33.33%\">\n<div class=\"wp-block-buttons is-horizontal is-content-justification-center is-layout-flex wp-container-core-buttons-is-layout-499968f5 wp-block-buttons-is-layout-flex\">\n<div class=\"wp-block-button has-custom-width wp-block-button__width-100 is-style-outline is-style-outline--3\"><a class=\"wp-block-button__link has-text-color has-background wp-element-button\" href=\"https:\/\/olsmiami.org\/es\/give\/\" style=\"color:#ffffff;background-color:#778bb5\">Ofrendar<\/a><\/div>\n<\/div>\n<\/div>\n<\/div>\n<\/div><\/div>\n<\/div><\/div>\n<\/div><\/div>\n\n\n\n<div class=\"wp-block-genesis-blocks-gb-column gb-block-layout-column\"><div class=\"gb-block-layout-column-inner\" style=\"margin-top:10px;padding-top:5%;padding-left:3%\">\n<p class=\"has-small-font-size\"><a href=\"https:\/\/maps.app.goo.gl\/7j6LLhKxGsPr1UXu7\" target=\"_blank\" rel=\"noopener nofollow\" title=\"\">4801 W Flagler Street<br>Miami, FL 33134<\/a><\/p>\n\n\n\n<p class=\"has-small-font-size\">Tel: <a href=\"tel:3054478911\" title=\"\">(305) 447-8911<\/a><br><a href=\"mailto:olsmiami@gmail.com\" rel=\"nofollow\" title=\"\">olsmiami@gmail.com<\/a><\/p>\n\n\n\n<ul class=\"wp-block-social-links has-large-icon-size is-style-logos-only is-layout-flex wp-block-social-links-is-layout-flex\"><li class=\"wp-social-link wp-social-link-youtube  wp-block-social-link\"><a rel=\"noopener nofollow\" target=\"_blank\" href=\"https:\/\/www.youtube.com\/@olsmiami\/streams\" class=\"wp-block-social-link-anchor\"><svg width=\"24\" height=\"24\" viewbox=\"0 0 24 24\" version=\"1.1\" xmlns=\"http:\/\/www.w3.org\/2000\/svg\" aria-hidden=\"true\" focusable=\"false\"><path d=\"M21.8,8.001c0,0-0.195-1.378-0.795-1.985c-0.76-0.797-1.613-0.801-2.004-0.847c-2.799-0.202-6.997-0.202-6.997-0.202 h-0.009c0,0-4.198,0-6.997,0.202C4.608,5.216,3.756,5.22,2.995,6.016C2.395,6.623,2.2,8.001,2.2,8.001S2,9.62,2,11.238v1.517 c0,1.618,0.2,3.237,0.2,3.237s0.195,1.378,0.795,1.985c0.761,0.797,1.76,0.771,2.205,0.855c1.6,0.153,6.8,0.201,6.8,0.201 s4.203-0.006,7.001-0.209c0.391-0.047,1.243-0.051,2.004-0.847c0.6-0.607,0.795-1.985,0.795-1.985s0.2-1.618,0.2-3.237v-1.517 C22,9.62,21.8,8.001,21.8,8.001z M9.935,14.594l-0.001-5.62l5.404,2.82L9.935,14.594z\"><\/path><\/svg><span class=\"wp-block-social-link-label screen-reader-text\">YouTube<\/span><\/a><\/li>\n\n<li class=\"wp-social-link wp-social-link-facebook  wp-block-social-link\"><a rel=\"noopener nofollow\" target=\"_blank\" href=\"https:\/\/www.facebook.com\/olsmiami\" class=\"wp-block-social-link-anchor\"><svg width=\"24\" height=\"24\" viewbox=\"0 0 24 24\" version=\"1.1\" xmlns=\"http:\/\/www.w3.org\/2000\/svg\" aria-hidden=\"true\" focusable=\"false\"><path d=\"M12 2C6.5 2 2 6.5 2 12c0 5 3.7 9.1 8.4 9.9v-7H7.9V12h2.5V9.8c0-2.5 1.5-3.9 3.8-3.9 1.1 0 2.2.2 2.2.2v2.5h-1.3c-1.2 0-1.6.8-1.6 1.6V12h2.8l-.4 2.9h-2.3v7C18.3 21.1 22 17 22 12c0-5.5-4.5-10-10-10z\"><\/path><\/svg><span class=\"wp-block-social-link-label screen-reader-text\">Facebook<\/span><\/a><\/li>\n\n<li class=\"wp-social-link wp-social-link-instagram  wp-block-social-link\"><a rel=\"noopener nofollow\" target=\"_blank\" href=\"https:\/\/www.instagram.com\/olsmiami\/\" class=\"wp-block-social-link-anchor\"><svg width=\"24\" height=\"24\" viewbox=\"0 0 24 24\" version=\"1.1\" xmlns=\"http:\/\/www.w3.org\/2000\/svg\" aria-hidden=\"true\" focusable=\"false\"><path d=\"M12,4.622c2.403,0,2.688,0.009,3.637,0.052c0.877,0.04,1.354,0.187,1.671,0.31c0.42,0.163,0.72,0.358,1.035,0.673 c0.315,0.315,0.51,0.615,0.673,1.035c0.123,0.317,0.27,0.794,0.31,1.671c0.043,0.949,0.052,1.234,0.052,3.637 s-0.009,2.688-0.052,3.637c-0.04,0.877-0.187,1.354-0.31,1.671c-0.163,0.42-0.358,0.72-0.673,1.035 c-0.315,0.315-0.615,0.51-1.035,0.673c-0.317,0.123-0.794,0.27-1.671,0.31c-0.949,0.043-1.233,0.052-3.637,0.052 s-2.688-0.009-3.637-0.052c-0.877-0.04-1.354-0.187-1.671-0.31c-0.42-0.163-0.72-0.358-1.035-0.673 c-0.315-0.315-0.51-0.615-0.673-1.035c-0.123-0.317-0.27-0.794-0.31-1.671C4.631,14.688,4.622,14.403,4.622,12 s0.009-2.688,0.052-3.637c0.04-0.877,0.187-1.354,0.31-1.671c0.163-0.42,0.358-0.72,0.673-1.035 c0.315-0.315,0.615-0.51,1.035-0.673c0.317-0.123,0.794-0.27,1.671-0.31C9.312,4.631,9.597,4.622,12,4.622 M12,3 C9.556,3,9.249,3.01,8.289,3.054C7.331,3.098,6.677,3.25,6.105,3.472C5.513,3.702,5.011,4.01,4.511,4.511 c-0.5,0.5-0.808,1.002-1.038,1.594C3.25,6.677,3.098,7.331,3.054,8.289C3.01,9.249,3,9.556,3,12c0,2.444,0.01,2.751,0.054,3.711 c0.044,0.958,0.196,1.612,0.418,2.185c0.23,0.592,0.538,1.094,1.038,1.594c0.5,0.5,1.002,0.808,1.594,1.038 c0.572,0.222,1.227,0.375,2.185,0.418C9.249,20.99,9.556,21,12,21s2.751-0.01,3.711-0.054c0.958-0.044,1.612-0.196,2.185-0.418 c0.592-0.23,1.094-0.538,1.594-1.038c0.5-0.5,0.808-1.002,1.038-1.594c0.222-0.572,0.375-1.227,0.418-2.185 C20.99,14.751,21,14.444,21,12s-0.01-2.751-0.054-3.711c-0.044-0.958-0.196-1.612-0.418-2.185c-0.23-0.592-0.538-1.094-1.038-1.594 c-0.5-0.5-1.002-0.808-1.594-1.038c-0.572-0.222-1.227-0.375-2.185-0.418C14.751,3.01,14.444,3,12,3L12,3z M12,7.378 c-2.552,0-4.622,2.069-4.622,4.622S9.448,16.622,12,16.622s4.622-2.069,4.622-4.622S14.552,7.378,12,7.378z M12,15 c-1.657,0-3-1.343-3-3s1.343-3,3-3s3,1.343,3,3S13.657,15,12,15z M16.804,6.116c-0.596,0-1.08,0.484-1.08,1.08 s0.484,1.08,1.08,1.08c0.596,0,1.08-0.484,1.08-1.08S17.401,6.116,16.804,6.116z\"><\/path><\/svg><span class=\"wp-block-social-link-label screen-reader-text\">Instagram<\/span><\/a><\/li><\/ul>\n<\/div><\/div>\n<\/div><\/div>\n\n\n\n<div class=\"wp-block-group alignfull is-content-justification-center\" style=\"margin-top:0;margin-bottom:0\"><div class=\"wp-block-group__inner-container is-layout-constrained wp-block-group-is-layout-constrained\">\n<div style=\"height:var(--wp--preset--spacing--20)\" aria-hidden=\"true\" class=\"wp-block-spacer\"><\/div>\n<\/div><\/div>\n\n\n\n<div class=\"wp-block-genesis-blocks-gb-columns gb-layout-columns-2 gb-2-col-wideright gb-has-background-dim gb-has-background-dim-10 gb-background-cover gb-background-no-repeat gb-has-parallax gb-has-custom-background-color gb-has-custom-text-color gb-columns-center alignfull\" style=\"padding-top:20%;padding-right:8%;padding-bottom:13%;padding-left:8%;background-color:#23314e;color:#ffffff;background-image:url(https:\/\/olsmiami.org\/wp-content\/uploads\/altar1-charm5.jpg)\"><div class=\"gb-layout-column-wrap gb-block-layout-column-gap-2 gb-is-responsive-column\" style=\"max-width:1200px\">\n<div class=\"wp-block-genesis-blocks-gb-column gb-block-layout-column\"><div class=\"gb-block-layout-column-inner gb-has-custom-text-color\" style=\"color:#ffffff\">\n<h2 class=\"wp-block-heading has-text-align-left has-text-color\" style=\"color:#ffffff\">Grow in Your Devotional Life<\/h2>\n\n\n\n<hr class=\"wp-block-separator has-text-color has-css-opacity has-background is-style-dots\" style=\"background-color:#ffffff;color:#ffffff\"\/>\n\n\n\n<p class=\"has-text-align-left has-text-color\" style=\"color:#ffffff\">Besides the Latin Mass, our parish offers a number of traditional Catholic devotions. Here are some practices you can join in with your parish family here at Our Lady of Sorrows.<\/p>\n\n\n\n<div style=\"color:#ddd\" class=\"wp-block-genesis-blocks-gb-spacer gb-block-spacer gb-divider-solid gb-divider-size-1\"><hr style=\"height:30px\"\/><\/div>\n<\/div><\/div>\n\n\n\n<div class=\"wp-block-genesis-blocks-gb-column gb-block-layout-column\"><div class=\"gb-block-layout-column-inner\"><section class=\"gb-block-post-grid featuredpost aligncenter is-style-entry-corners\"><div class=\"gb-post-grid-items is-grid columns-3\"><article id=\"post-38\" class=\"gb-post-grid-item post-38 post type-post status-publish format-standard has-post-thumbnail category-devotions tag-our-lord entry\"><div class=\"gb-block-post-grid-image\"><a href=\"https:\/\/olsmiami.org\/es\/devotions\/sacred-heart-of-jesus\/\" rel=\"bookmark\" aria-hidden=\"true\" tabindex=\"-1\"><img decoding=\"async\" width=\"600\" height=\"400\" src=\"https:\/\/olsmiami.org\/wp-content\/uploads\/2021\/05\/sacred-heart-6-600x400.jpg\" class=\"attachment-gb-block-post-grid-landscape size-gb-block-post-grid-landscape\" alt=\"\" \/><\/a><\/div><div class=\"gb-block-post-grid-text\"><header class=\"gb-block-post-grid-header\"><h3 class=\"gb-block-post-grid-title\"><a href=\"https:\/\/olsmiami.org\/es\/devotions\/sacred-heart-of-jesus\/\" rel=\"bookmark\">El Sagrado Coraz\u00f3n de Jes\u00fas<\/a><\/h3><div class=\"gb-block-post-grid-byline\"><\/div><\/header><div class=\"gb-block-post-grid-excerpt\"><\/div><\/div><\/article>\n<article id=\"post-40\" class=\"gb-post-grid-item post-40 post type-post status-publish format-standard has-post-thumbnail category-devotions tag-our-lady entry\"><div class=\"gb-block-post-grid-image\"><a href=\"https:\/\/olsmiami.org\/es\/devotions\/immaculate-heart-of-mary\/\" rel=\"bookmark\" aria-hidden=\"true\" tabindex=\"-1\"><img decoding=\"async\" width=\"600\" height=\"400\" src=\"https:\/\/olsmiami.org\/wp-content\/uploads\/2021\/05\/immaculate-heart-2-600x400.jpg\" class=\"attachment-gb-block-post-grid-landscape size-gb-block-post-grid-landscape\" alt=\"\" \/><\/a><\/div><div class=\"gb-block-post-grid-text\"><header class=\"gb-block-post-grid-header\"><h3 class=\"gb-block-post-grid-title\"><a href=\"https:\/\/olsmiami.org\/es\/devotions\/immaculate-heart-of-mary\/\" rel=\"bookmark\">El Inmaculado Coraz\u00f3n de Mar\u00eda<\/a><\/h3><div class=\"gb-block-post-grid-byline\"><\/div><\/header><div class=\"gb-block-post-grid-excerpt\"><\/div><\/div><\/article>\n<article id=\"post-2034\" class=\"gb-post-grid-item post-2034 post type-post status-publish format-standard has-post-thumbnail category-devotions entry\"><div class=\"gb-block-post-grid-image\"><a href=\"https:\/\/olsmiami.org\/es\/devotions\/the-blessed-sacrament\/\" rel=\"bookmark\" aria-hidden=\"true\" tabindex=\"-1\"><img decoding=\"async\" width=\"600\" height=\"400\" src=\"https:\/\/olsmiami.org\/wp-content\/uploads\/francken-disputation-holy-sacrament-1600x900-1-600x400.jpg\" class=\"attachment-gb-block-post-grid-landscape size-gb-block-post-grid-landscape\" alt=\"Find out about expressing and increasing your devotion to the Blessed Sacrament\" \/><\/a><\/div><div class=\"gb-block-post-grid-text\"><header class=\"gb-block-post-grid-header\"><h3 class=\"gb-block-post-grid-title\"><a href=\"https:\/\/olsmiami.org\/es\/devotions\/the-blessed-sacrament\/\" rel=\"bookmark\">The Blessed Sacrament<\/a><\/h3><div class=\"gb-block-post-grid-byline\"><\/div><\/header><div class=\"gb-block-post-grid-excerpt\"><\/div><\/div><\/article>\n<article id=\"post-2030\" class=\"gb-post-grid-item post-2030 post type-post status-publish format-standard has-post-thumbnail category-devotions entry\"><div class=\"gb-block-post-grid-image\"><a href=\"https:\/\/olsmiami.org\/es\/devotions\/divino-nino\/\" rel=\"bookmark\" aria-hidden=\"true\" tabindex=\"-1\"><img decoding=\"async\" width=\"600\" height=\"400\" src=\"https:\/\/olsmiami.org\/wp-content\/uploads\/divino-nino-charm8-600x400.jpg\" class=\"attachment-gb-block-post-grid-landscape size-gb-block-post-grid-landscape\" alt=\"Find out about expressing and increasing your devotion to the Divine Child\" \/><\/a><\/div><div class=\"gb-block-post-grid-text\"><header class=\"gb-block-post-grid-header\"><h3 class=\"gb-block-post-grid-title\"><a href=\"https:\/\/olsmiami.org\/es\/devotions\/divino-nino\/\" rel=\"bookmark\">The Divino Ni\u00f1o<\/a><\/h3><div class=\"gb-block-post-grid-byline\"><\/div><\/header><div class=\"gb-block-post-grid-excerpt\"><\/div><\/div><\/article>\n<article id=\"post-2040\" class=\"gb-post-grid-item post-2040 post type-post status-publish format-standard has-post-thumbnail category-devotions entry\"><div class=\"gb-block-post-grid-image\"><a href=\"https:\/\/olsmiami.org\/es\/devotions\/the-relic-of-st-peregrine\/\" rel=\"bookmark\" aria-hidden=\"true\" tabindex=\"-1\"><img decoding=\"async\" width=\"600\" height=\"400\" src=\"https:\/\/olsmiami.org\/wp-content\/uploads\/relic-st-peregrine-osm-600x400.jpg\" class=\"attachment-gb-block-post-grid-landscape size-gb-block-post-grid-landscape\" alt=\"A relic of St. Peregrine\" \/><\/a><\/div><div class=\"gb-block-post-grid-text\"><header class=\"gb-block-post-grid-header\"><h3 class=\"gb-block-post-grid-title\"><a href=\"https:\/\/olsmiami.org\/es\/devotions\/the-relic-of-st-peregrine\/\" rel=\"bookmark\">The Relic of St. Peregrine<\/a><\/h3><div class=\"gb-block-post-grid-byline\"><\/div><\/header><div class=\"gb-block-post-grid-excerpt\"><\/div><\/div><\/article>\n<\/div><\/section><\/div><\/div>\n<\/div><\/div>\n\n\n\n<div style=\"color:#ddd\" class=\"wp-block-genesis-blocks-gb-spacer gb-block-spacer gb-divider-solid gb-divider-size-1\"><hr style=\"height:130px\"\/><\/div>\n\n\n\n<div class=\"wp-block-genesis-blocks-gb-columns gb-layout-columns-2 gb-2-col-wideright gb-has-custom-background-color aligncenter\" style=\"background-color:#eee9e3;background-position:0% 0%\"><div class=\"gb-layout-column-wrap gb-block-layout-column-gap-0 gb-is-responsive-column\">\n<div class=\"wp-block-genesis-blocks-gb-column gb-block-layout-column\"><div class=\"gb-block-layout-column-inner has-theme-primary-background-color\" style=\"padding:22px\">\n<figure class=\"wp-block-image size-full\"><img decoding=\"async\" width=\"600\" height=\"131\" src=\"https:\/\/olsmiami.org\/wp-content\/uploads\/flock-logo-white.png\" alt=\"\" class=\"wp-image-2098\" srcset=\"https:\/\/olsmiami.org\/wp-content\/uploads\/flock-logo-white.png 600w, https:\/\/olsmiami.org\/wp-content\/uploads\/flock-logo-white-300x66.png 300w\" sizes=\"(max-width: 600px) 100vw, 600px\" \/><\/figure>\n\n\n\n<p class=\"has-normal-font-size\"><em>Flocknote is a text messaging tool we use it to coordinate with volunteers, ushers, and anybody interested in receiving real-time announcements.  <\/em><\/p>\n<\/div><\/div>\n\n\n\n<div class=\"wp-block-genesis-blocks-gb-column is-style-default gb-block-layout-column\"><div class=\"gb-block-layout-column-inner\" style=\"padding-bottom:84px\">\n<div style=\"padding-top:22.5%\" class=\"wp-block-genesis-blocks-gb-container is-style-default gb-block-container\"><div class=\"gb-container-inside\"><div class=\"gb-container-content\">\n<h2 class=\"wp-block-heading has-text-align-center has-larger-font-size\">Stay connected with flocknote.<\/h2>\n\n\n\n<div class=\"wp-block-buttons is-content-justification-center is-layout-flex wp-container-core-buttons-is-layout-16018d1d wp-block-buttons-is-layout-flex\">\n<div class=\"wp-block-button has-custom-font-size gb-block-button is-style-outline is-style-outline--4\" style=\"font-size:20px;line-height:1.2\"><a class=\"wp-block-button__link has-theme-primary-background-color has-text-color has-background has-link-color wp-element-button\" href=\"https:\/\/olsmiami.flocknote.com\/register\" style=\"border-radius:5px;color:#ffffff;padding-top:10px;padding-right:1em;padding-bottom:10px;padding-left:1em\" target=\"_blank\" rel=\"noreferrer noopener\">Signup<\/a><\/div>\n<\/div>\n<\/div><\/div><\/div>\n<\/div><\/div>\n<\/div><\/div>","protected":false},"excerpt":{"rendered":"","protected":false},"author":1,"featured_media":1748,"parent":0,"menu_order":0,"comment_status":"closed","ping_status":"closed","template":"templates\/blocks.php","meta":{"give_campaign_id":0,"_genesis_hide_title":true,"_genesis_hide_breadcrumbs":true,"_genesis_hide_singular_image":true,"_genesis_hide_footer_widgets":false,"_genesis_custom_body_class":"","_genesis_custom_post_class":"","_genesis_layout":"full-width-content","footnotes":""},"class_list":{"0":"post-8","1":"page","2":"type-page","3":"status-publish","4":"has-post-thumbnail","6":"entry"},"aioseo_notices":[],"campaignId":"","featured_image_src":"https:\/\/olsmiami.org\/wp-content\/uploads\/altar1-vignetteblue-600x400.jpg","featured_image_src_square":"https:\/\/olsmiami.org\/wp-content\/uploads\/altar1-vignetteblue-600x600.jpg","_links":{"self":[{"href":"https:\/\/olsmiami.org\/es\/wp-json\/wp\/v2\/pages\/8","targetHints":{"allow":["GET"]}}],"collection":[{"href":"https:\/\/olsmiami.org\/es\/wp-json\/wp\/v2\/pages"}],"about":[{"href":"https:\/\/olsmiami.org\/es\/wp-json\/wp\/v2\/types\/page"}],"author":[{"embeddable":true,"href":"https:\/\/olsmiami.org\/es\/wp-json\/wp\/v2\/users\/1"}],"replies":[{"embeddable":true,"href":"https:\/\/olsmiami.org\/es\/wp-json\/wp\/v2\/comments?post=8"}],"version-history":[{"count":15,"href":"https:\/\/olsmiami.org\/es\/wp-json\/wp\/v2\/pages\/8\/revisions"}],"predecessor-version":[{"id":2237,"href":"https:\/\/olsmiami.org\/es\/wp-json\/wp\/v2\/pages\/8\/revisions\/2237"}],"wp:featuredmedia":[{"embeddable":true,"href":"https:\/\/olsmiami.org\/es\/wp-json\/wp\/v2\/media\/1748"}],"wp:attachment":[{"href":"https:\/\/olsmiami.org\/es\/wp-json\/wp\/v2\/media?parent=8"}],"curies":[{"name":"wp","href":"https:\/\/api.w.org\/{rel}","templated":true}]}}