{"id":1217,"date":"2022-09-01T17:40:38","date_gmt":"2022-09-01T17:40:38","guid":{"rendered":"https:\/\/olsmiami.org\/?page_id=1217"},"modified":"2024-08-10T02:22:32","modified_gmt":"2024-08-10T06:22:32","slug":"schedule","status":"publish","type":"page","link":"https:\/\/olsmiami.org\/es\/schedule\/","title":{"rendered":"Horario semanal"},"content":{"rendered":"<div class=\"wp-block-genesis-blocks-gb-columns gb-layout-columns-2 gb-2-col-wideright\"><div class=\"gb-layout-column-wrap gb-block-layout-column-gap-2 gb-is-responsive-column\">\n<div class=\"wp-block-genesis-blocks-gb-column is-style-column-corners gb-block-layout-column\"><div class=\"gb-block-layout-column-inner gb-has-custom-background-color\" style=\"padding:20px;background-color:#eee9e3\">\n<h5 class=\"wp-block-heading\">Confesiones<\/h5>\n\n\n\n<p class=\"has-small-font-size\"><strong>Domingos y d\u00edas santos de obligaci\u00f3n<\/strong><br>45 minutos antes de todas las Misas<\/p>\n\n\n\n<p class=\"has-small-font-size\"><strong>Dias entre semana<\/strong><br>30 minutos antes de todas las Misas<\/p>\n\n\n\n<p class=\"has-small-font-size\"><strong>Todos los dem\u00e1s horarios<\/strong><br>Con cita<\/p>\n\n\n\n<h5 class=\"wp-block-heading has-normal-font-size\">Bautismo<\/h5>\n\n\n\n<p class=\"has-small-font-size\">Con cita previa. Uno de los padres y uno de los padrinos deben ser cat\u00f3licos practicantes.<\/p>\n\n\n\n<h5 class=\"wp-block-heading has-normal-font-size\">Confirmaci\u00f3n<\/h5>\n\n\n\n<p class=\"has-small-font-size\">Administrado en p\u00fablico una vez al a\u00f1o, en privado a pedido. P\u00f3ngase en contacto con el sacerdote para averiguar el horario de clases.<\/p>\n\n\n\n<h5 class=\"wp-block-heading has-normal-font-size\">Primer Comuni\u00f3n<\/h5>\n\n\n\n<p class=\"has-small-font-size\">Administrado en p\u00fablico una vez al a\u00f1o, en privado a pedido. P\u00f3ngase en contacto con el sacerdote para averiguar el horario de clases.<\/p>\n\n\n\n<h5 class=\"wp-block-heading has-normal-font-size\">Matrimony<\/h5>\n\n\n\n<p class=\"has-small-font-size\">Please speak to a priest at least 6 months before you set the date. One party must be a practicing Catholic and a member of this parish.<\/p>\n\n\n\n<h5 class=\"wp-block-heading has-normal-font-size\">Comuni\u00f3n de los enfermos<\/h5>\n\n\n\n<p class=\"has-small-font-size\">H\u00e1ganos saber si un ser querido est\u00e1 confinado en su hogar u hospitalizado y necesita la Sagrada Comuni\u00f3n<\/p>\n\n\n\n<h5 class=\"wp-block-heading has-normal-font-size\">Extremaunci\u00f3n<\/h5>\n\n\n\n<p class=\"has-small-font-size\">Aseg\u00farese de proveer para las necesidades espirituales de sus seres queridos y no posponga los arreglos para la Extremaunci\u00f3n hasta el \u00faltimo momento.<\/p>\n\n\n\n<h5 class=\"wp-block-heading has-normal-font-size\">Funerales<\/h5>\n\n\n\n<p class=\"has-small-font-size\">Hable con el sacerdote antes de comunicarse con el director de la funeraria.<\/p>\n\n\n\n<p class=\"has-small-font-size\"><\/p>\n<\/div><\/div>\n\n\n\n<div class=\"wp-block-genesis-blocks-gb-column gb-block-layout-column\"><div class=\"gb-block-layout-column-inner\">\n<div style=\"height:10px\" aria-hidden=\"true\" class=\"wp-block-spacer\"><\/div>\n\n\n\n<h3 class=\"wp-block-heading\">Mass Schedule<\/h3>\n\n\n\n<p class=\"has-small-font-size\">All liturgical services are offered according to the Roman Rite before the changes of 1955.<\/p>\n\n\n\n<p><strong>Sundays<\/strong><br>9:00 a.m. Misa baja<br>12:15 p.m. Misa solemne<br>6:00 p.m. Misa baja<\/p>\n\n\n\n<p><strong>Holydays<\/strong><br>12:15 p.m. Misa baja<br>7:00 p.m. High Mass<\/p>\n\n\n\n<p><strong>Lunes<\/strong><br>12:15 p.m. Misa baja<\/p>\n\n\n\n<p><strong>Martes<\/strong><br>12:15 p.m. Misa baja<\/p>\n\n\n\n<p><strong>Miercoles<\/strong><br><em>No public Mass on Wednesday<\/em><\/p>\n\n\n\n<p><strong>Jueves<\/strong><br>12:15 p.m. Misa baja<\/p>\n\n\n\n<p><strong>Viernes<\/strong><br>12:15 p.m. Misa baja<\/p>\n\n\n\n<p><strong>Sabado<\/strong><br>9:00 a.m. Misa baja<\/p>\n\n\n\n<h3 class=\"wp-block-heading\">Parish Devotions<\/h3>\n\n\n\n<p><strong>Benediction of the Blessed Sacrament<\/strong><br>First Sunday of the month at the 12:15 Mass.<\/p>\n\n\n\n<p><strong>Blessing of the Sick with the Relic of St. Peregrine<\/strong><br>Second Sunday of the month at all Masses.<\/p>\n\n\n\n<p><strong>Novena to the Divino Nino (in Spanish)<\/strong><br>Every Monday at 7:30 p.m., followed by Benediction of the Blessed Sacrament.<\/p>\n\n\n\n<p><strong>Holy Hour to the Sacred Heart of Jesus (Bilingual)<\/strong><br>First Friday of the month at 7:00 p.m.<\/p>\n\n\n\n<p><strong>Devotions to the Immaculate Heart of Mary (Bilingual)<\/strong><br>First Saturday of the month after the 9:00 a.m. Mass.<\/p>\n<\/div><\/div>\n<\/div><\/div>","protected":false},"excerpt":{"rendered":"","protected":false},"author":1,"featured_media":1241,"parent":0,"menu_order":0,"comment_status":"closed","ping_status":"closed","template":"","meta":{"give_campaign_id":0,"_genesis_hide_title":false,"_genesis_hide_breadcrumbs":false,"_genesis_hide_singular_image":false,"_genesis_hide_footer_widgets":false,"_genesis_custom_body_class":"","_genesis_custom_post_class":"","_genesis_layout":"","footnotes":""},"class_list":{"0":"post-1217","1":"page","2":"type-page","3":"status-publish","4":"has-post-thumbnail","6":"entry"},"aioseo_notices":[],"campaignId":"","featured_image_src":"https:\/\/olsmiami.org\/wp-content\/uploads\/2022\/09\/adoration-of-the-mystic-lamb-600x400.jpg","featured_image_src_square":"https:\/\/olsmiami.org\/wp-content\/uploads\/2022\/09\/adoration-of-the-mystic-lamb-600x600.jpg","_links":{"self":[{"href":"https:\/\/olsmiami.org\/es\/wp-json\/wp\/v2\/pages\/1217","targetHints":{"allow":["GET"]}}],"collection":[{"href":"https:\/\/olsmiami.org\/es\/wp-json\/wp\/v2\/pages"}],"about":[{"href":"https:\/\/olsmiami.org\/es\/wp-json\/wp\/v2\/types\/page"}],"author":[{"embeddable":true,"href":"https:\/\/olsmiami.org\/es\/wp-json\/wp\/v2\/users\/1"}],"replies":[{"embeddable":true,"href":"https:\/\/olsmiami.org\/es\/wp-json\/wp\/v2\/comments?post=1217"}],"version-history":[{"count":0,"href":"https:\/\/olsmiami.org\/es\/wp-json\/wp\/v2\/pages\/1217\/revisions"}],"wp:featuredmedia":[{"embeddable":true,"href":"https:\/\/olsmiami.org\/es\/wp-json\/wp\/v2\/media\/1241"}],"wp:attachment":[{"href":"https:\/\/olsmiami.org\/es\/wp-json\/wp\/v2\/media?parent=1217"}],"curies":[{"name":"wp","href":"https:\/\/api.w.org\/{rel}","templated":true}]}}